{"id":435,"date":"2025-03-24T09:23:26","date_gmt":"2025-03-24T09:23:26","guid":{"rendered":"https:\/\/xn--selvtrner-fitnessomrdenord-ricn.dk\/?page_id=435"},"modified":"2025-06-03T16:51:57","modified_gmt":"2025-06-03T16:51:57","slug":"vedtaegter","status":"publish","type":"page","link":"https:\/\/xn--selvtrner-fitnessomrdenord-ricn.dk\/?page_id=435","title":{"rendered":"Vedt\u00e6gter"},"content":{"rendered":"\n<details class=\"wp-block-details is-layout-flow wp-block-details-is-layout-flow\"><summary><strong>Vedt\u00e6gter for Selvtr\u00e6ner-fitness Omr\u00e5de Nord<\/strong><br><strong>CVR 38 69 08 17<\/strong><br><strong>\u00a0<\/strong><br><strong>\u00a71.\u00a0\u00a0 Navn og hjemsted.<\/strong><br>Foreningens navn er Selvtr\u00e6ner-fitness Omr\u00e5de Nord.<br>Foreningen har hjemsted i Aarhus Kommune.<br>Foreningens adresse er den til enhver tid siddende formands adresse.<br>\u00a0<br><strong>\u00a72.\u00a0 \u00a0Form\u00e5l.<\/strong><br>Foreningen har til form\u00e5l at tilbyde idr\u00e6t til seniorer 60+ og at inspirere til<br>Idr\u00e6tsaktiviteter, der \u00f8ger medlemmernes trivsel, sundhed, netv\u00e6rk og<br>Sociale relationer.\u00a0\u00a0 Foreningen har fokus p\u00e5 selvtr\u00e6nerfitness.<br>\u00a0<br><strong>\u00a73.\u00a0\u00a0 Organisation.<\/strong><br>Foreningens \u00f8verste myndighed er generalforsamlingen.\u00a0\u00a0 Kun medlemmer kan v\u00e6lges ind i bestyrelsen.<br>Generalforsamlingen v\u00e6lger:<br>En bestyrelse med max. 2 personer fra hver underafdeling\/aktivitetssted i foreningen, i alt 10 medlemmer.<br>Bestyrelsesmedlemmer fra underafdelingerne Bj\u00f8rnsh\u00f8j, Rosenbakken og S\u00f8nderskovhus v\u00e6lges p\u00e5 ulige \u00e5r, mens Hjortsh\u00f8j og Sk\u00e6ring v\u00e6lges p\u00e5 lige \u00e5r.<br>Formand og kasserer:<br>Bestyrelsens konstituerer sig selv ved f\u00f8rstkommende bestyrelsesm\u00f8de med en formand og en kasserer.<br>Suppleanter:<br>Udtr\u00e6der et bestyrelsesmedlem f\u00f8r tid, v\u00e6lger underafdelingen selv et nyt medlem til bestyrelsen.<br>Revisorer:<br>Der v\u00e6lges hvert \u00e5r 1 revisor (bilagskontrollant) for foreningen ved direkte valg p\u00e5 generalforsamlingen.\u00a0\u00a0 En revisor m\u00e5 ikke v\u00e6re et bestyrelsesmedlem.<br>\u00a0<br><strong>\u00a74.\u00a0\u00a0 Generalforsamlingen.<\/strong><br>Bestyrelsen indkalder til generalforsamlingen med mindst 21 dages varsel.\u00a0\u00a0 <strong>Indkaldelsen sker pr. e-mail til medlemmer foreningen har e-mail adresser p\u00e5, samt opslag i tr\u00e6ningslokalet.\u00a0\u00a0 <\/strong>Indkomne forslag skal v\u00e6re bestyrelsen i h\u00e6nde senest 12 dage f\u00f8r.<br>Ordin\u00e6r generalforsamling afholdes hvert \u00e5r inden udgangen af juni m\u00e5ned.\u00a0\u00a0 Alle medlemmer, som ikke er i restance, er stemmeberettiget.\u00a0\u00a0 Der kan kun stemmes ved personligt fremm\u00f8de.\u00a0\u00a0 Dagsorden, for ordin\u00e6r generalforsamling skal mindst indeholde f\u00f8lgende punkter:<br>Valg af dirigent.<br>Bestyrelsens beretning.<br>Freml\u00e6ggelse af regnskab til godkendelse.<br>Freml\u00e6ggelse af budget for n\u00e6ste \u00e5r til orientering.<br>Fasts\u00e6ttelse af kontingent.<br>Indkomne forslag.<br>Valg til bestyrelsen (jf. \u00a73).<br>Eventuelt.<br>\u00a0<br><strong>\u00a75.\u00a0\u00a0 Bestyrelse.<\/strong><br>Foreningens daglige ledelse forest\u00e5s af bestyrelsen (jf. \u00a73).\u00a0\u00a0 Bestyrelsen udarbejder regnskab og budget.<br>Tegningsretten for foreningen har formand <strong>og kasserer i f\u00e6llesskab.\u00a0\u00a0 Kassereren kan bemyndiges til at varetage foreningens daglige \u00f8konomi, herunder disponere foreningens driftskonto.\u00a0\u00a0 Formand og kasserer i forening disponerer opsparingskontoen.<\/strong><br><strong>\u00a0<\/strong><br><strong>\u00a76.\u00a0\u00a0 Medlemskab.<\/strong><br>Som medlem kan enhver optages, som har interesse i at st\u00f8tte foreningens form\u00e5l.\u00a0\u00a0 Medlemskab g\u00e6lder for indmeldelses\u00e5ret (kalender\u00e5ret 1. januar til 31. december).<br>\u00a0<br><strong>\u00a77.\u00a0\u00a0 Vedt\u00e6gts\u00e6ndringer.<\/strong><br>Vedt\u00e6gts\u00e6ndringer kr\u00e6ver et simpelt flertal af generalforsamlingens fremm\u00f8dte medlemmer.\u00a0\u00a0 Vedt\u00e6gts\u00e6ndringer indsendes til Sport og Fritid i Aarhus Kommune for at sikre, at de til stadighed opfylder folkeoplysningens krav.<br>\u00a0<br><strong>\u00a78.\u00a0\u00a0 Ekstraordin\u00e6r generalforsamling.<\/strong><br>Indkaldelse sker, hvis et flertal af bestyrelsen \u00f8nsker det.<br>Indkaldelse sker, hvis \u00bc af medlemmerne \u00f8nsker det.<br>Indkaldelse sker under samme betingelser, som anf\u00f8rt i \u00a74.<br>Dagsorden skal begrundes.<br>Bestyrelsen skal sikre at den ekstraordin\u00e6re generalforsamling afholdes senest 4 uger efter anmodning fra en af ovenn\u00e6vnte parter.<br>\u00a0<br><strong>\u00a79.\u00a0\u00a0 Regnskab.<\/strong><br>Regnskabs\u00e5ret for foreningen er kalender\u00e5ret.\u00a0\u00a0 <strong>Regnskab for \u00e5ret og budget for det kommende \u00e5r tilsendes medlemmer med indkaldelse til generalforsamling, samt offentligg\u00f8res ved opslag i tr\u00e6ningslokalet.<\/strong><br><strong>\u00a0<\/strong><br><strong>\u00a710.\u00a0\u00a0 Udelukkelse og eksklusion.<\/strong><br>Et medlem kan udelukkes eller ekskluderes, s\u00e5fremt vedkommendes opf\u00f8rsel strider mod foreningens vedt\u00e6gter, eller medlemmet p\u00e5 s\u00e6rlig grov m\u00e5de har tilsidesat sine medlemspligter.<br>Eksklusionen kan ankes til f\u00f8rstkommende generalforsamling, og at sagen s\u00e6ttes p\u00e5 dagsordenen som s\u00e6rligt punkt.\u00a0\u00a0 En generalforsamlings afg\u00f8relse af en eksklusion kr\u00e6ver et simpelt flertal.<br>\u00a0<br><strong>\u00a711.\u00a0\u00a0 Opl\u00f8sning.<\/strong><br>Opl\u00f8sning af foreningen kr\u00e6ver et flertal p\u00e5 \u00be\u00a0 af generalforsamlingens eller den ekstraordin\u00e6re generalforsamlings fremm\u00f8dte medlemmer.<br>Opl\u00f8sningen skal herefter godkendes p\u00e5 en efterf\u00f8lgende ekstraordin\u00e6r generalforsamling.<br>Ved opl\u00f8sning af foreningen skal foreningens midler overdrages til almennyttige form\u00e5l indenfor folkeoplysningens omr\u00e5de i Aarhus Kommune.<br>\u00a0<br><strong>\u00a712.\u00a0\u00a0 H\u00e6ftelse.<\/strong><br><strong>Bestyrelsens medlemmer h\u00e6fter personligt for det tilskud, som foreningen eller tilskudsmodtagerne har modtaget efter Folkeoplysningsloven, hvis tilbagebetalingskravet er opst\u00e5et ved retsstridig handling eller undladelse, der kan tilregnes p\u00e5g\u00e6ldende som fors\u00e6tlig eller uagtsom.<\/strong><br><strong>Bestyrelsens medlemmer h\u00e6fter i \u00f8vrigt ikke personligt for foreningens tilskud efter folkeoplysningsloven.<\/strong><br><strong>\u00a0<\/strong><br>Vedtaget p\u00e5 foreningens stiftende generalforsamling den 20. januar 2015.<br>Vedt\u00e6gts\u00e6ndringer <strong>(fremh\u00e6vet)<\/strong> vedtaget p\u00e5 foreningens ekstraordin\u00e6re generalforsamling den 7. september 2017.<br>Vedt\u00e6gts\u00e6ndring (skrevet med r\u00f8dt)vedtaget p\u00e5 foreningens ordin\u00e6re generalforsamling 26. Juni 2018.<\/summary>\n<p><\/p>\n<\/details>\n","protected":false},"excerpt":{"rendered":"","protected":false},"author":1,"featured_media":0,"parent":0,"menu_order":0,"comment_status":"closed","ping_status":"closed","template":"","meta":{"footnotes":""},"class_list":["post-435","page","type-page","status-publish","hentry"],"_links":{"self":[{"href":"https:\/\/xn--selvtrner-fitnessomrdenord-ricn.dk\/index.php?rest_route=\/wp\/v2\/pages\/435","targetHints":{"allow":["GET"]}}],"collection":[{"href":"https:\/\/xn--selvtrner-fitnessomrdenord-ricn.dk\/index.php?rest_route=\/wp\/v2\/pages"}],"about":[{"href":"https:\/\/xn--selvtrner-fitnessomrdenord-ricn.dk\/index.php?rest_route=\/wp\/v2\/types\/page"}],"author":[{"embeddable":true,"href":"https:\/\/xn--selvtrner-fitnessomrdenord-ricn.dk\/index.php?rest_route=\/wp\/v2\/users\/1"}],"replies":[{"embeddable":true,"href":"https:\/\/xn--selvtrner-fitnessomrdenord-ricn.dk\/index.php?rest_route=%2Fwp%2Fv2%2Fcomments&post=435"}],"version-history":[{"count":2,"href":"https:\/\/xn--selvtrner-fitnessomrdenord-ricn.dk\/index.php?rest_route=\/wp\/v2\/pages\/435\/revisions"}],"predecessor-version":[{"id":455,"href":"https:\/\/xn--selvtrner-fitnessomrdenord-ricn.dk\/index.php?rest_route=\/wp\/v2\/pages\/435\/revisions\/455"}],"wp:attachment":[{"href":"https:\/\/xn--selvtrner-fitnessomrdenord-ricn.dk\/index.php?rest_route=%2Fwp%2Fv2%2Fmedia&parent=435"}],"curies":[{"name":"wp","href":"https:\/\/api.w.org\/{rel}","templated":true}]}}