{"id":2,"date":"2024-03-03T12:35:10","date_gmt":"2024-03-03T12:35:10","guid":{"rendered":"http:\/\/xn--selvtrner-fitnessomrdenord-ricn.dk\/?page_id=2"},"modified":"2026-01-18T16:29:27","modified_gmt":"2026-01-18T16:29:27","slug":"sample-page","status":"publish","type":"page","link":"https:\/\/xn--selvtrner-fitnessomrdenord-ricn.dk\/?page_id=2","title":{"rendered":"For medlemmer"},"content":{"rendered":"\n<h2 class=\"wp-block-heading alignwide has-text-align-center\">Jeg \u00f8nsker at betale kontingent for 2026.<\/h2>\n\n\n\n<p class=\"has-text-align-center has-contrast-color has-text-color has-link-color has-large-font-size wp-elements-dc713570a8c662381698fe547f6a3710\">Pris: 150 kr.<\/p>\n\n\n\n<div class=\"wp-block-buttons is-content-justification-center is-layout-flex wp-container-core-buttons-is-layout-a89b3969 wp-block-buttons-is-layout-flex\">\n<div class=\"wp-block-button\"><a class=\"wp-block-button__link wp-element-button\" href=\"https:\/\/www.conventus.dk\/dataudv\/www\/new_tilmelding.php?foreningsid=11699&amp;gruppe=1015198&amp;skjul_nyt_medlem=1&amp;skjul_allerede_medlem=0\">Tr\u00e6ner i Sk\u00f8dstrup<\/a><\/div>\n\n\n\n<div class=\"wp-block-button\"><a class=\"wp-block-button__link wp-element-button\" href=\"https:\/\/www.conventus.dk\/dataudv\/www\/new_tilmelding.php?foreningsid=11699&amp;gruppe=1015221&amp;skjul_nyt_medlem=1&amp;skjul_allerede_medlem=0\">Tr\u00e6ner i Lystrup<\/a><\/div>\n\n\n\n<div class=\"wp-block-button\"><a class=\"wp-block-button__link wp-element-button\" href=\"https:\/\/www.conventus.dk\/dataudv\/www\/new_tilmelding.php?foreningsid=11699&amp;gruppe=1015204&amp;skjul_nyt_medlem=1&amp;skjul_allerede_medlem=0\">Tr\u00e6ner i Trige<\/a><\/div>\n\n\n\n<div class=\"wp-block-button\"><a class=\"wp-block-button__link wp-element-button\" href=\"https:\/\/www.conventus.dk\/dataudv\/www\/new_tilmelding.php?foreningsid=11699&amp;gruppe=1015215&amp;skjul_nyt_medlem=1&amp;skjul_allerede_medlem=0\">Tr\u00e6ner i Sk\u00e6ring<\/a><\/div>\n\n\n\n<div class=\"wp-block-button\"><a class=\"wp-block-button__link wp-element-button\" href=\"https:\/\/www.conventus.dk\/dataudv\/www\/new_tilmelding.php?foreningsid=11699&amp;gruppe=1015210&amp;skjul_nyt_medlem=1&amp;skjul_allerede_medlem=0\">Tr\u00e6ner i Hjortsh\u00f8j<\/a><\/div>\n<\/div>\n\n\n\n<figure class=\"wp-block-gallery has-nested-images columns-default is-cropped wp-block-gallery-1 is-layout-flex wp-block-gallery-is-layout-flex\">\n<figure class=\"wp-block-image size-full\"><img loading=\"lazy\" decoding=\"async\" width=\"644\" height=\"824\" data-id=\"395\" src=\"https:\/\/xn--selvtrner-fitnessomrdenord-ricn.dk\/wp-content\/uploads\/2025\/01\/kom-igang-150.jpg\" alt=\"\" class=\"wp-image-395\" srcset=\"https:\/\/xn--selvtrner-fitnessomrdenord-ricn.dk\/wp-content\/uploads\/2025\/01\/kom-igang-150.jpg 644w, https:\/\/xn--selvtrner-fitnessomrdenord-ricn.dk\/wp-content\/uploads\/2025\/01\/kom-igang-150-234x300.jpg 234w\" sizes=\"auto, (max-width: 644px) 100vw, 644px\" \/><\/figure>\n<\/figure>\n\n\n\n<div class=\"wp-block-buttons is-layout-flex wp-block-buttons-is-layout-flex\">\n<div class=\"wp-block-button\"><a class=\"wp-block-button__link wp-element-button\" href=\"https:\/\/www.conventus.dk\/dataudv\/www\/new_tilmelding.php?foreningsid=11699&amp;gruppe=1022546&amp;skjul_nyt_medlem=1&amp;skjul_allerede_medlem=0\">jeg \u00f8nsker at k\u00f8be en ny n\u00f8gle<\/a><\/div>\n<\/div>\n\n\n\n<figure class=\"wp-block-image size-full\"><img loading=\"lazy\" decoding=\"async\" width=\"645\" height=\"722\" src=\"http:\/\/xn--selvtrner-fitnessomrdenord-ricn.dk\/wp-content\/uploads\/2024\/04\/derfor.jpg\" alt=\"\" class=\"wp-image-236\" srcset=\"https:\/\/xn--selvtrner-fitnessomrdenord-ricn.dk\/wp-content\/uploads\/2024\/04\/derfor.jpg 645w, https:\/\/xn--selvtrner-fitnessomrdenord-ricn.dk\/wp-content\/uploads\/2024\/04\/derfor-268x300.jpg 268w\" sizes=\"auto, (max-width: 645px) 100vw, 645px\" \/><\/figure>\n\n\n\n<div class=\"wp-block-buttons is-layout-flex wp-block-buttons-is-layout-flex\">\n<div class=\"wp-block-button\"><a class=\"wp-block-button__link wp-element-button\" href=\"https:\/\/www.conventus.dk\/medlemslogin\/index.php?forening=11699\">Jeg har f\u00e5et ny adresse<\/a><\/div>\n\n\n\n<div class=\"wp-block-button\"><a class=\"wp-block-button__link wp-element-button\" href=\"https:\/\/www.conventus.dk\/medlemslogin\/index.php?forening=11699\">Jeg har f\u00e5et ny telefon nr. eller mail adresse.<\/a><\/div>\n\n\n\n<div class=\"wp-block-button\"><a class=\"wp-block-button__link wp-element-button\" href=\"https:\/\/www.conventus.dk\/medlemslogin\/index.php?forening=11699\"><strong>Jeg \u00f8nsker at melde mig ud af foreningen.<\/strong>                                                                              -Log ind og fjern mail adressen. og slet telefon nr.-n\u00e5r du fjerner mail adressen, og telefon nr. har du meldt dig ud og vi kontakter dig ikke mere.<\/a><\/div>\n<\/div>\n\n\n\n<figure class=\"wp-block-image size-full is-resized\"><a href=\"https:\/\/www.conventus.dk\/login\"><img loading=\"lazy\" decoding=\"async\" width=\"269\" height=\"94\" src=\"https:\/\/xn--selvtrner-fitnessomrdenord-ricn.dk\/wp-content\/uploads\/2025\/09\/conventus.png\" alt=\"\" class=\"wp-image-487\" style=\"width:618px;height:auto\"\/><\/a><\/figure>\n\n\n\n<figure class=\"wp-block-image size-full\"><a href=\"https:\/\/xn--selvtrner-fitnessomrdenord-ricn.dk\/?page_id=155\"><img loading=\"lazy\" decoding=\"async\" width=\"642\" height=\"371\" src=\"https:\/\/xn--selvtrner-fitnessomrdenord-ricn.dk\/wp-content\/uploads\/2024\/04\/svoemning.png\" alt=\"\" class=\"wp-image-188\" srcset=\"https:\/\/xn--selvtrner-fitnessomrdenord-ricn.dk\/wp-content\/uploads\/2024\/04\/svoemning.png 642w, https:\/\/xn--selvtrner-fitnessomrdenord-ricn.dk\/wp-content\/uploads\/2024\/04\/svoemning-300x173.png 300w\" sizes=\"auto, (max-width: 642px) 100vw, 642px\" \/><\/a><\/figure>\n\n\n\n<p><\/p>\n","protected":false},"excerpt":{"rendered":"<p>Jeg \u00f8nsker at betale kontingent for 2026. Pris: 150 kr.<\/p>\n","protected":false},"author":1,"featured_media":0,"parent":0,"menu_order":0,"comment_status":"closed","ping_status":"open","template":"","meta":{"footnotes":""},"class_list":["post-2","page","type-page","status-publish","hentry"],"_links":{"self":[{"href":"https:\/\/xn--selvtrner-fitnessomrdenord-ricn.dk\/index.php?rest_route=\/wp\/v2\/pages\/2","targetHints":{"allow":["GET"]}}],"collection":[{"href":"https:\/\/xn--selvtrner-fitnessomrdenord-ricn.dk\/index.php?rest_route=\/wp\/v2\/pages"}],"about":[{"href":"https:\/\/xn--selvtrner-fitnessomrdenord-ricn.dk\/index.php?rest_route=\/wp\/v2\/types\/page"}],"author":[{"embeddable":true,"href":"https:\/\/xn--selvtrner-fitnessomrdenord-ricn.dk\/index.php?rest_route=\/wp\/v2\/users\/1"}],"replies":[{"embeddable":true,"href":"https:\/\/xn--selvtrner-fitnessomrdenord-ricn.dk\/index.php?rest_route=%2Fwp%2Fv2%2Fcomments&post=2"}],"version-history":[{"count":88,"href":"https:\/\/xn--selvtrner-fitnessomrdenord-ricn.dk\/index.php?rest_route=\/wp\/v2\/pages\/2\/revisions"}],"predecessor-version":[{"id":576,"href":"https:\/\/xn--selvtrner-fitnessomrdenord-ricn.dk\/index.php?rest_route=\/wp\/v2\/pages\/2\/revisions\/576"}],"wp:attachment":[{"href":"https:\/\/xn--selvtrner-fitnessomrdenord-ricn.dk\/index.php?rest_route=%2Fwp%2Fv2%2Fmedia&parent=2"}],"curies":[{"name":"wp","href":"https:\/\/api.w.org\/{rel}","templated":true}]}}