{"id":155,"date":"2024-03-29T18:08:39","date_gmt":"2024-03-29T18:08:39","guid":{"rendered":"https:\/\/xn--selvtrner-fitnessomrdenord-ricn.dk\/?page_id=155"},"modified":"2026-02-02T07:41:30","modified_gmt":"2026-02-02T07:41:30","slug":"svoemning-2","status":"publish","type":"page","link":"https:\/\/xn--selvtrner-fitnessomrdenord-ricn.dk\/?page_id=155","title":{"rendered":"Sv\u00f8mning"},"content":{"rendered":"\n<p>Sv\u00f8mning foreg\u00e5r l\u00f8rdage i Sv\u00f8mmehallen p\u00e5 S\u00f8lystskolen. fra 16-8 2025 til 27-6 2026. Det koster 100 kr. udover dit normale kontingent at sv\u00f8mme.<\/p>\n\n\n\n<p>husk kvitteringen den f\u00f8rste gang.<\/p>\n\n\n\n<p><strong>F\u00f8lgende dage er det ikke muligt at sv\u00f8mme:<\/strong><\/p>\n\n\n\n<p><em><strong>i Alle skolernes ferier vil der ikke v\u00e6re sv\u00f8mning<\/strong><\/em><\/p>\n\n\n\n<p>Derfor ingen sv\u00f8mning d. 14. februar og d. 4. april<\/p>\n\n\n\n<p>Kommer der flere aflysninger vil du f\u00e5 besked p\u00e5 mail og det vil ogs\u00e5 komme til at st\u00e5 her over.<\/p>\n\n\n\n<div class=\"wp-block-buttons is-layout-flex wp-block-buttons-is-layout-flex\">\n<div class=\"wp-block-button\"><a class=\"wp-block-button__link wp-element-button\" href=\"https:\/\/conventus.dk\/dataudv\/www\/new_tilmelding.php?foreningsid=11699&amp;gruppe=996397&amp;skjul_nyt_medlem=1&amp;skjul_allerede_medlem=0&amp;sprog=da\">Sv\u00f8mning kl. 13.15-13.45<\/a><\/div>\n\n\n\n<div class=\"wp-block-button\"><a class=\"wp-block-button__link wp-element-button\" href=\"https:\/\/conventus.dk\/dataudv\/www\/new_tilmelding.php?foreningsid=11699&amp;gruppe=996398&amp;skjul_nyt_medlem=1&amp;skjul_allerede_medlem=0&amp;sprog=da\">Sv\u00f8mning kl. 13.45-14.15<\/a><\/div>\n\n\n\n<div class=\"wp-block-button\"><a class=\"wp-block-button__link wp-element-button\" href=\"https:\/\/conventus.dk\/dataudv\/www\/new_tilmelding.php?foreningsid=11699&amp;gruppe=996400&amp;skjul_nyt_medlem=1&amp;skjul_allerede_medlem=0&amp;sprog=da\">Sv\u00f8mning kl. 14.15-14.45<\/a><\/div>\n<\/div>\n\n\n\n<p><\/p>\n\n\n\n<p>Sv\u00f8mmehallen vil v\u00e6re \u00e5ben fra kl. 13.00 til kl. 15.00 s\u00e5 der er mulighed for at kl\u00e6de om f\u00f8r og efter sv\u00f8mningen<\/p>\n\n\n\n<p>Har du brug for at kontakte Livredderen. Kan du trykke p\u00e5 billedet herunder. Der kan du finde kontakt oplysninger til livredernes koordinator.<\/p>\n\n\n\n<figure class=\"wp-block-image size-full\"><a href=\"https:\/\/hei-swim.dk\/kontakt\"><img loading=\"lazy\" decoding=\"async\" width=\"986\" height=\"260\" src=\"https:\/\/xn--selvtrner-fitnessomrdenord-ricn.dk\/wp-content\/uploads\/2025\/01\/svoemning-hei.png\" alt=\"\" class=\"wp-image-372\" srcset=\"https:\/\/xn--selvtrner-fitnessomrdenord-ricn.dk\/wp-content\/uploads\/2025\/01\/svoemning-hei.png 986w, https:\/\/xn--selvtrner-fitnessomrdenord-ricn.dk\/wp-content\/uploads\/2025\/01\/svoemning-hei-300x79.png 300w, https:\/\/xn--selvtrner-fitnessomrdenord-ricn.dk\/wp-content\/uploads\/2025\/01\/svoemning-hei-768x203.png 768w\" sizes=\"auto, (max-width: 986px) 100vw, 986px\" \/><\/a><\/figure>\n\n\n\n<p><\/p>\n","protected":false},"excerpt":{"rendered":"<p>Sv\u00f8mning foreg\u00e5r l\u00f8rdage i Sv\u00f8mmehallen p\u00e5 S\u00f8lystskolen. fra 16-8 2025 til 27-6 2026. Det koster 100 kr. udover dit normale kontingent at sv\u00f8mme. husk kvitteringen den f\u00f8rste gang. F\u00f8lgende dage er det ikke muligt at sv\u00f8mme: i Alle skolernes ferier vil der ikke v\u00e6re sv\u00f8mning Derfor ingen sv\u00f8mning d. 14. februar og d. 4. april [&hellip;]<\/p>\n","protected":false},"author":1,"featured_media":154,"parent":0,"menu_order":0,"comment_status":"closed","ping_status":"closed","template":"","meta":{"footnotes":""},"class_list":["post-155","page","type-page","status-publish","has-post-thumbnail","hentry"],"_links":{"self":[{"href":"https:\/\/xn--selvtrner-fitnessomrdenord-ricn.dk\/index.php?rest_route=\/wp\/v2\/pages\/155","targetHints":{"allow":["GET"]}}],"collection":[{"href":"https:\/\/xn--selvtrner-fitnessomrdenord-ricn.dk\/index.php?rest_route=\/wp\/v2\/pages"}],"about":[{"href":"https:\/\/xn--selvtrner-fitnessomrdenord-ricn.dk\/index.php?rest_route=\/wp\/v2\/types\/page"}],"author":[{"embeddable":true,"href":"https:\/\/xn--selvtrner-fitnessomrdenord-ricn.dk\/index.php?rest_route=\/wp\/v2\/users\/1"}],"replies":[{"embeddable":true,"href":"https:\/\/xn--selvtrner-fitnessomrdenord-ricn.dk\/index.php?rest_route=%2Fwp%2Fv2%2Fcomments&post=155"}],"version-history":[{"count":24,"href":"https:\/\/xn--selvtrner-fitnessomrdenord-ricn.dk\/index.php?rest_route=\/wp\/v2\/pages\/155\/revisions"}],"predecessor-version":[{"id":587,"href":"https:\/\/xn--selvtrner-fitnessomrdenord-ricn.dk\/index.php?rest_route=\/wp\/v2\/pages\/155\/revisions\/587"}],"wp:featuredmedia":[{"embeddable":true,"href":"https:\/\/xn--selvtrner-fitnessomrdenord-ricn.dk\/index.php?rest_route=\/wp\/v2\/media\/154"}],"wp:attachment":[{"href":"https:\/\/xn--selvtrner-fitnessomrdenord-ricn.dk\/index.php?rest_route=%2Fwp%2Fv2%2Fmedia&parent=155"}],"curies":[{"name":"wp","href":"https:\/\/api.w.org\/{rel}","templated":true}]}}