{"id":132,"date":"2024-03-29T14:23:12","date_gmt":"2024-03-29T14:23:12","guid":{"rendered":"https:\/\/xn--selvtrner-fitnessomrdenord-ricn.dk\/?page_id=132"},"modified":"2026-03-27T11:47:22","modified_gmt":"2026-03-27T11:47:22","slug":"bliv-medlem","status":"publish","type":"page","link":"https:\/\/xn--selvtrner-fitnessomrdenord-ricn.dk\/?page_id=132","title":{"rendered":"Bliv medlem"},"content":{"rendered":"\n<h2 class=\"wp-block-heading has-text-align-center is-style-asterisk\"><strong>Jeg er over 60 \u00e5r eller f\u00f8rtidspensionist og \u00f8nsker at f\u00e5 en instruktion f\u00f8r jeg bliver medlem. <\/strong><\/h2>\n\n\n\n<p class=\"has-text-align-center\"><strong>Jeg kan se herunder hvordan jeg kommer i gang og senere melde mig ind<\/strong>.<\/p>\n\n\n\n<figure class=\"wp-block-image size-full\"><img loading=\"lazy\" decoding=\"async\" width=\"814\" height=\"840\" src=\"https:\/\/xn--selvtrner-fitnessomrdenord-ricn.dk\/wp-content\/uploads\/2026\/01\/saadan-skaering.jpg\" alt=\"\" class=\"wp-image-552\" srcset=\"https:\/\/xn--selvtrner-fitnessomrdenord-ricn.dk\/wp-content\/uploads\/2026\/01\/saadan-skaering.jpg 814w, https:\/\/xn--selvtrner-fitnessomrdenord-ricn.dk\/wp-content\/uploads\/2026\/01\/saadan-skaering-291x300.jpg 291w, https:\/\/xn--selvtrner-fitnessomrdenord-ricn.dk\/wp-content\/uploads\/2026\/01\/saadan-skaering-768x793.jpg 768w\" sizes=\"auto, (max-width: 814px) 100vw, 814px\" \/><\/figure>\n\n\n\n<p class=\"has-text-color has-link-color wp-elements-710d682ecac047e76229d98a16bb60ff\" style=\"color:#3325c8\"><a href=\"https:\/\/www.conventus.dk\/dataudv\/www\/new_tilmelding.php?foreningsid=11699&amp;gruppe=1015205&amp;skjul_nyt_medlem=0&amp;skjul_allerede_medlem=1\">Jeg \u00f8nsker at tr\u00e6ne i Trige og betale 250 kr. for medlemskab 2026 og n\u00f8gle.<\/a><\/p>\n\n\n\n<p class=\"has-text-color has-link-color wp-elements-a37a85767da21dac9418d3da44f45b75\" style=\"color:#3325c8\"><a href=\"https:\/\/www.conventus.dk\/dataudv\/www\/new_tilmelding.php?foreningsid=11699&amp;gruppe=1015211&amp;skjul_nyt_medlem=0&amp;skjul_allerede_medlem=1\">Jeg \u00f8nsker at tr\u00e6ne i Hjortsh\u00f8j og betale 250 kr. for medlemskab 2026 og n\u00f8gle.<\/a><\/p>\n\n\n\n<p class=\"has-text-color has-link-color wp-elements-a5adb92c66be1a5abc3ba00ff59d7ee0\" style=\"color:#3325c8\"><a href=\"https:\/\/www.conventus.dk\/dataudv\/www\/new_tilmelding.php?foreningsid=11699&amp;gruppe=1015199&amp;skjul_nyt_medlem=0&amp;skjul_allerede_medlem=1\">Jeg \u00f8nsker at tr\u00e6ne i Sk\u00f8dstrup og betale 250 kr. for medlemskab 2026 og n\u00f8gle.<\/a><\/p>\n\n\n\n<p class=\"has-text-color has-link-color wp-elements-3a6b761dcd3113a5f4bd9c9449c88f61\" style=\"color:#3325c8\"><a href=\"https:\/\/www.conventus.dk\/dataudv\/www\/new_tilmelding.php?foreningsid=11699&amp;gruppe=1015222&amp;skjul_nyt_medlem=0&amp;skjul_allerede_medlem=1\">Jeg \u00f8nsker at tr\u00e6ne i Lystrup og betale 250 kr. for medlemskab 2026 og n\u00f8gle<\/a>.                                                                                                                                                             <\/p>\n\n\n\n<p class=\"has-text-color has-link-color wp-elements-9064654f2588314bceddcbe342a0fd58\" style=\"color:#3325c8\"><a href=\"https:\/\/xn--selvtrner-fitnessomrdenord-ricn.dk\/?page_id=545\" data-type=\"page\" data-id=\"545\">Jeg \u00f8nsker at tr\u00e6ne i Sk\u00e6ring og betale 250 kr. for medlemskab 2026 og n\u00f8gle.<\/a><\/p>\n\n\n\n<p class=\"has-link-color wp-elements-0a73fbfd3bb486ea61ca0e4f51fcd825\"><\/p>\n\n\n\n<p><\/p>\n\n\n\n<figure class=\"wp-block-image size-full\"><img loading=\"lazy\" decoding=\"async\" width=\"644\" height=\"824\" src=\"http:\/\/xn--selvtrner-fitnessomrdenord-ricn.dk\/wp-content\/uploads\/2024\/04\/kom-igang.jpg\" alt=\"\" class=\"wp-image-229\" srcset=\"https:\/\/xn--selvtrner-fitnessomrdenord-ricn.dk\/wp-content\/uploads\/2024\/04\/kom-igang.jpg 644w, https:\/\/xn--selvtrner-fitnessomrdenord-ricn.dk\/wp-content\/uploads\/2024\/04\/kom-igang-234x300.jpg 234w\" sizes=\"auto, (max-width: 644px) 100vw, 644px\" \/><\/figure>\n\n\n\n<div class=\"wp-block-group is-vertical is-layout-flex wp-container-core-group-is-layout-fe9cc265 wp-block-group-is-layout-flex\">\n<div class=\"wp-block-columns alignwide is-layout-flex wp-container-core-columns-is-layout-d0bbbce0 wp-block-columns-is-layout-flex\">\n<div class=\"wp-block-column is-layout-flow wp-block-column-is-layout-flow\"><\/div>\n<\/div>\n\n\n\n<div class=\"wp-block-columns alignwide is-layout-flex wp-container-core-columns-is-layout-d0bbbce0 wp-block-columns-is-layout-flex\">\n<div class=\"wp-block-column is-layout-flow wp-container-core-column-is-layout-e3d1c41b wp-block-column-is-layout-flow\">\n<h3 class=\"wp-block-heading has-text-align-left is-style-asterisk has-body-font-family has-medium-font-size\" style=\"font-style:normal;font-weight:600\">Hvis indmeldingen driller<\/h3>\n\n\n\n<p class=\"has-text-align-left\">Ring eller send sms til <\/p>\n\n\n\n<p>Eli Christensen  <\/p>\n\n\n\n<p>Telefon: 29843824 <\/p>\n\n\n\n<p><\/p>\n\n\n\n<p><\/p>\n<\/div>\n\n\n\n<div class=\"wp-block-column is-layout-flow wp-container-core-column-is-layout-e3d1c41b wp-block-column-is-layout-flow\">\n<h3 class=\"wp-block-heading has-text-align-left is-style-asterisk has-body-font-family has-medium-font-size\" style=\"font-style:normal;font-weight:600\">Foreningens adresse:<\/h3>\n\n\n\n<p class=\"has-text-align-left\">Sk\u00e6ring Havvej 133<\/p>\n\n\n\n<p class=\"has-text-align-left\">8258 Eg\u00e5 <\/p>\n\n\n\n<p class=\"has-text-align-left\">Telefon: 30455466 <\/p>\n\n\n\n<p class=\"has-text-align-left\"><\/p>\n<\/div>\n\n\n\n<div class=\"wp-block-column is-layout-flow wp-container-core-column-is-layout-e3d1c41b wp-block-column-is-layout-flow\">\n<h3 class=\"wp-block-heading has-text-align-left is-style-asterisk has-body-font-family has-medium-font-size\" style=\"font-style:normal;font-weight:600\">Medlems service:<\/h3>\n\n\n\n<div class=\"wp-block-buttons is-layout-flex wp-block-buttons-is-layout-flex\">\n<div class=\"wp-block-button\"><a class=\"wp-block-button__link wp-element-button\" href=\"https:\/\/www.conventus.dk\/medlemslogin\/index.php?forening=11699\">Her kan du se og rette dit telefon nr. eller din mail adresse.<\/a><\/div>\n<\/div>\n<\/div>\n<\/div>\n<\/div>\n\n\n\n<p><\/p>\n\n\n\n<p><\/p>\n","protected":false},"excerpt":{"rendered":"<p>Jeg er over 60 \u00e5r eller f\u00f8rtidspensionist og \u00f8nsker at f\u00e5 en instruktion f\u00f8r jeg bliver medlem. Jeg kan se herunder hvordan jeg kommer i gang og senere melde mig ind. Jeg \u00f8nsker at tr\u00e6ne i Trige og betale 250 kr. for medlemskab 2026 og n\u00f8gle. Jeg \u00f8nsker at tr\u00e6ne i Hjortsh\u00f8j og betale 250 [&hellip;]<\/p>\n","protected":false},"author":1,"featured_media":0,"parent":0,"menu_order":0,"comment_status":"closed","ping_status":"closed","template":"","meta":{"footnotes":""},"class_list":["post-132","page","type-page","status-publish","hentry"],"_links":{"self":[{"href":"https:\/\/xn--selvtrner-fitnessomrdenord-ricn.dk\/index.php?rest_route=\/wp\/v2\/pages\/132","targetHints":{"allow":["GET"]}}],"collection":[{"href":"https:\/\/xn--selvtrner-fitnessomrdenord-ricn.dk\/index.php?rest_route=\/wp\/v2\/pages"}],"about":[{"href":"https:\/\/xn--selvtrner-fitnessomrdenord-ricn.dk\/index.php?rest_route=\/wp\/v2\/types\/page"}],"author":[{"embeddable":true,"href":"https:\/\/xn--selvtrner-fitnessomrdenord-ricn.dk\/index.php?rest_route=\/wp\/v2\/users\/1"}],"replies":[{"embeddable":true,"href":"https:\/\/xn--selvtrner-fitnessomrdenord-ricn.dk\/index.php?rest_route=%2Fwp%2Fv2%2Fcomments&post=132"}],"version-history":[{"count":41,"href":"https:\/\/xn--selvtrner-fitnessomrdenord-ricn.dk\/index.php?rest_route=\/wp\/v2\/pages\/132\/revisions"}],"predecessor-version":[{"id":597,"href":"https:\/\/xn--selvtrner-fitnessomrdenord-ricn.dk\/index.php?rest_route=\/wp\/v2\/pages\/132\/revisions\/597"}],"wp:attachment":[{"href":"https:\/\/xn--selvtrner-fitnessomrdenord-ricn.dk\/index.php?rest_route=%2Fwp%2Fv2%2Fmedia&parent=132"}],"curies":[{"name":"wp","href":"https:\/\/api.w.org\/{rel}","templated":true}]}}